{"id":15,"date":"2022-11-23T17:37:56","date_gmt":"2022-11-23T16:37:56","guid":{"rendered":"https:\/\/www.autoskola-thomas.sk\/?page_id=15"},"modified":"2022-11-23T17:43:19","modified_gmt":"2022-11-23T16:43:19","slug":"uvod","status":"publish","type":"page","link":"https:\/\/www.autoskola-thomas.sk\/?page_id=15","title":{"rendered":"\u00davod"},"content":{"rendered":"\n<p><strong>\u00daVOD<\/strong><\/p>\n\n\n\n<p>Auto\u0161kola bola zaregistrovan\u00e1 v roku 2007 a p\u00f4sob\u00ed v Humennom. Seri\u00f3znos\u0165ou a individu\u00e1lnym pr\u00edstupom sme dosiahli, \u017ee do dne\u0161nej doby u n\u00e1s \u00faspe\u0161ne absolvovalo v\u00fdcvik na vodi\u010dsk\u00fd preukaz mno\u017estvo spokojn\u00fdch klientov. K dispoz\u00edcii m\u00e1me&nbsp;<strong>NAJMODERNEJ\u0160\u00cd TRENA\u017d\u00c9R a AUTOCVI\u010cISKO<\/strong>, na ktorom pripravujeme klientov k praktickej sk\u00fa\u0161ke na z\u00edskanie vodi\u010dsk\u00e9ho opr\u00e1vnenia.<\/p>\n\n\n\n<p><strong>Auto\u0161kola poskytuje u\u010debn\u00e9 pom\u00f4cky, z\u00e1kony, vyhl\u00e1\u0161ky, knihy, cvi\u010dn\u00e9 testy ako aj testy sk\u00fa\u0161obn\u00e9 z pravidiel cestnej prem\u00e1vky.<\/strong><\/p>\n\n\n\n<p class=\"has-text-align-left\">\u0160pecializujeme sa na v\u00fduku vedenia motorov\u00fdch vozidiel skup\u00edn&nbsp;<strong>B, C,&nbsp;T<\/strong>.&nbsp;S\u00fastre\u010fujeme sa na vysok\u00fa kvalitu za primeran\u00e9 ceny. Pre firmy, ako aj pre individu\u00e1lnych \u017eivnostn\u00edkov, ktor\u00fdch pracovn\u00e1 n\u00e1pl\u0148 vy\u017eduje pou\u017e\u00edvanie motorov\u00e9ho vozidla, organizujeme \u0161kolenia vodi\u010dov z povolania a referentov v zmysle Vyhl. 208\/91.<\/p>\n\n\n\n<figure class=\"wp-block-image size-full\"><img loading=\"lazy\" decoding=\"async\" width=\"463\" height=\"600\" src=\"https:\/\/www.autoskola-thomas.sk\/wp-content\/uploads\/2022\/11\/stiahnut-1.jpg\" alt=\"\" class=\"wp-image-31\" srcset=\"https:\/\/www.autoskola-thomas.sk\/wp-content\/uploads\/2022\/11\/stiahnut-1.jpg 463w, https:\/\/www.autoskola-thomas.sk\/wp-content\/uploads\/2022\/11\/stiahnut-1-232x300.jpg 232w\" sizes=\"(max-width: 463px) 100vw, 463px\" \/><\/figure>\n","protected":false},"excerpt":{"rendered":"<p>\u00daVOD Auto\u0161kola bola zaregistrovan\u00e1 v roku 2007 a p\u00f4sob\u00ed v Humennom. Seri\u00f3znos\u0165ou a individu\u00e1lnym pr\u00edstupom sme dosiahli, \u017ee do dne\u0161nej doby u n\u00e1s \u00faspe\u0161ne absolvovalo v\u00fdcvik na vodi\u010dsk\u00fd preukaz mno\u017estvo spokojn\u00fdch klientov. K dispoz\u00edcii m\u00e1me&nbsp;NAJMODERNEJ\u0160\u00cd TRENA\u017d\u00c9R a AUTOCVI\u010cISKO, na ktorom pripravujeme klientov k praktickej sk\u00fa\u0161ke na z\u00edskanie vodi\u010dsk\u00e9ho opr\u00e1vnenia. Auto\u0161kola poskytuje u\u010debn\u00e9 pom\u00f4cky, z\u00e1kony, vyhl\u00e1\u0161ky, [&hellip;]<\/p>\n","protected":false},"author":1,"featured_media":0,"parent":0,"menu_order":0,"comment_status":"closed","ping_status":"closed","template":"","meta":{"_mi_skip_tracking":false,"footnotes":""},"yoast_head":"<!-- This site is optimized with the Yoast SEO plugin v19.10 - https:\/\/yoast.com\/wordpress\/plugins\/seo\/ -->\n<title>\u00davod - Auto\u0161kola Thomas<\/title>\n<meta name=\"robots\" content=\"index, follow, max-snippet:-1, max-image-preview:large, max-video-preview:-1\" \/>\n<link rel=\"canonical\" href=\"https:\/\/www.autoskola-thomas.sk\/?page_id=15\" \/>\n<meta property=\"og:locale\" content=\"sk_SK\" \/>\n<meta property=\"og:type\" content=\"article\" \/>\n<meta property=\"og:title\" content=\"\u00davod - Auto\u0161kola Thomas\" \/>\n<meta property=\"og:description\" content=\"\u00daVOD Auto\u0161kola bola zaregistrovan\u00e1 v roku 2007 a p\u00f4sob\u00ed v Humennom. Seri\u00f3znos\u0165ou a individu\u00e1lnym pr\u00edstupom sme dosiahli, \u017ee do dne\u0161nej doby u n\u00e1s \u00faspe\u0161ne absolvovalo v\u00fdcvik na vodi\u010dsk\u00fd preukaz mno\u017estvo spokojn\u00fdch klientov. K dispoz\u00edcii m\u00e1me&nbsp;NAJMODERNEJ\u0160\u00cd TRENA\u017d\u00c9R a AUTOCVI\u010cISKO, na ktorom pripravujeme klientov k praktickej sk\u00fa\u0161ke na z\u00edskanie vodi\u010dsk\u00e9ho opr\u00e1vnenia. Auto\u0161kola poskytuje u\u010debn\u00e9 pom\u00f4cky, z\u00e1kony, vyhl\u00e1\u0161ky, [&hellip;]\" \/>\n<meta property=\"og:url\" content=\"https:\/\/www.autoskola-thomas.sk\/?page_id=15\" \/>\n<meta property=\"og:site_name\" content=\"Auto\u0161kola Thomas\" \/>\n<meta property=\"article:modified_time\" content=\"2022-11-23T16:43:19+00:00\" \/>\n<meta property=\"og:image\" content=\"https:\/\/www.autoskola-thomas.sk\/wp-content\/uploads\/2022\/11\/stiahnut-1.jpg\" \/>\n<meta name=\"twitter:card\" content=\"summary_large_image\" \/>\n<meta name=\"twitter:label1\" content=\"Predpokladan\u00fd \u010das \u010d\u00edtania\" \/>\n\t<meta name=\"twitter:data1\" content=\"1 min\u00fata\" \/>\n<script type=\"application\/ld+json\" class=\"yoast-schema-graph\">{\"@context\":\"https:\/\/schema.org\",\"@graph\":[{\"@type\":\"WebPage\",\"@id\":\"https:\/\/www.autoskola-thomas.sk\/?page_id=15\",\"url\":\"https:\/\/www.autoskola-thomas.sk\/?page_id=15\",\"name\":\"\u00davod - Auto\u0161kola Thomas\",\"isPartOf\":{\"@id\":\"https:\/\/www.autoskola-thomas.sk\/#website\"},\"datePublished\":\"2022-11-23T16:37:56+00:00\",\"dateModified\":\"2022-11-23T16:43:19+00:00\",\"breadcrumb\":{\"@id\":\"https:\/\/www.autoskola-thomas.sk\/?page_id=15#breadcrumb\"},\"inLanguage\":\"sk-SK\",\"potentialAction\":[{\"@type\":\"ReadAction\",\"target\":[\"https:\/\/www.autoskola-thomas.sk\/?page_id=15\"]}]},{\"@type\":\"BreadcrumbList\",\"@id\":\"https:\/\/www.autoskola-thomas.sk\/?page_id=15#breadcrumb\",\"itemListElement\":[{\"@type\":\"ListItem\",\"position\":1,\"name\":\"Home\",\"item\":\"https:\/\/www.autoskola-thomas.sk\/\"},{\"@type\":\"ListItem\",\"position\":2,\"name\":\"\u00davod\"}]},{\"@type\":\"WebSite\",\"@id\":\"https:\/\/www.autoskola-thomas.sk\/#website\",\"url\":\"https:\/\/www.autoskola-thomas.sk\/\",\"name\":\"Auto\u0161kola Thomas\",\"description\":\"\",\"potentialAction\":[{\"@type\":\"SearchAction\",\"target\":{\"@type\":\"EntryPoint\",\"urlTemplate\":\"https:\/\/www.autoskola-thomas.sk\/?s={search_term_string}\"},\"query-input\":\"required name=search_term_string\"}],\"inLanguage\":\"sk-SK\"}]}<\/script>\n<!-- \/ Yoast SEO plugin. -->","yoast_head_json":{"title":"\u00davod - Auto\u0161kola Thomas","robots":{"index":"index","follow":"follow","max-snippet":"max-snippet:-1","max-image-preview":"max-image-preview:large","max-video-preview":"max-video-preview:-1"},"canonical":"https:\/\/www.autoskola-thomas.sk\/?page_id=15","og_locale":"sk_SK","og_type":"article","og_title":"\u00davod - Auto\u0161kola Thomas","og_description":"\u00daVOD Auto\u0161kola bola zaregistrovan\u00e1 v roku 2007 a p\u00f4sob\u00ed v Humennom. Seri\u00f3znos\u0165ou a individu\u00e1lnym pr\u00edstupom sme dosiahli, \u017ee do dne\u0161nej doby u n\u00e1s \u00faspe\u0161ne absolvovalo v\u00fdcvik na vodi\u010dsk\u00fd preukaz mno\u017estvo spokojn\u00fdch klientov. K dispoz\u00edcii m\u00e1me&nbsp;NAJMODERNEJ\u0160\u00cd TRENA\u017d\u00c9R a AUTOCVI\u010cISKO, na ktorom pripravujeme klientov k praktickej sk\u00fa\u0161ke na z\u00edskanie vodi\u010dsk\u00e9ho opr\u00e1vnenia. Auto\u0161kola poskytuje u\u010debn\u00e9 pom\u00f4cky, z\u00e1kony, vyhl\u00e1\u0161ky, [&hellip;]","og_url":"https:\/\/www.autoskola-thomas.sk\/?page_id=15","og_site_name":"Auto\u0161kola Thomas","article_modified_time":"2022-11-23T16:43:19+00:00","og_image":[{"url":"https:\/\/www.autoskola-thomas.sk\/wp-content\/uploads\/2022\/11\/stiahnut-1.jpg"}],"twitter_card":"summary_large_image","twitter_misc":{"Predpokladan\u00fd \u010das \u010d\u00edtania":"1 min\u00fata"},"schema":{"@context":"https:\/\/schema.org","@graph":[{"@type":"WebPage","@id":"https:\/\/www.autoskola-thomas.sk\/?page_id=15","url":"https:\/\/www.autoskola-thomas.sk\/?page_id=15","name":"\u00davod - Auto\u0161kola Thomas","isPartOf":{"@id":"https:\/\/www.autoskola-thomas.sk\/#website"},"datePublished":"2022-11-23T16:37:56+00:00","dateModified":"2022-11-23T16:43:19+00:00","breadcrumb":{"@id":"https:\/\/www.autoskola-thomas.sk\/?page_id=15#breadcrumb"},"inLanguage":"sk-SK","potentialAction":[{"@type":"ReadAction","target":["https:\/\/www.autoskola-thomas.sk\/?page_id=15"]}]},{"@type":"BreadcrumbList","@id":"https:\/\/www.autoskola-thomas.sk\/?page_id=15#breadcrumb","itemListElement":[{"@type":"ListItem","position":1,"name":"Home","item":"https:\/\/www.autoskola-thomas.sk\/"},{"@type":"ListItem","position":2,"name":"\u00davod"}]},{"@type":"WebSite","@id":"https:\/\/www.autoskola-thomas.sk\/#website","url":"https:\/\/www.autoskola-thomas.sk\/","name":"Auto\u0161kola Thomas","description":"","potentialAction":[{"@type":"SearchAction","target":{"@type":"EntryPoint","urlTemplate":"https:\/\/www.autoskola-thomas.sk\/?s={search_term_string}"},"query-input":"required name=search_term_string"}],"inLanguage":"sk-SK"}]}},"_links":{"self":[{"href":"https:\/\/www.autoskola-thomas.sk\/index.php?rest_route=\/wp\/v2\/pages\/15"}],"collection":[{"href":"https:\/\/www.autoskola-thomas.sk\/index.php?rest_route=\/wp\/v2\/pages"}],"about":[{"href":"https:\/\/www.autoskola-thomas.sk\/index.php?rest_route=\/wp\/v2\/types\/page"}],"author":[{"embeddable":true,"href":"https:\/\/www.autoskola-thomas.sk\/index.php?rest_route=\/wp\/v2\/users\/1"}],"replies":[{"embeddable":true,"href":"https:\/\/www.autoskola-thomas.sk\/index.php?rest_route=%2Fwp%2Fv2%2Fcomments&post=15"}],"version-history":[{"count":2,"href":"https:\/\/www.autoskola-thomas.sk\/index.php?rest_route=\/wp\/v2\/pages\/15\/revisions"}],"predecessor-version":[{"id":32,"href":"https:\/\/www.autoskola-thomas.sk\/index.php?rest_route=\/wp\/v2\/pages\/15\/revisions\/32"}],"wp:attachment":[{"href":"https:\/\/www.autoskola-thomas.sk\/index.php?rest_route=%2Fwp%2Fv2%2Fmedia&parent=15"}],"curies":[{"name":"wp","href":"https:\/\/api.w.org\/{rel}","templated":true}]}}