{"id":52,"date":"2022-11-23T18:09:25","date_gmt":"2022-11-23T17:09:25","guid":{"rendered":"https:\/\/www.autoskola-thomas.sk\/?page_id=52"},"modified":"2022-11-23T19:07:19","modified_gmt":"2022-11-23T18:07:19","slug":"kontaktny-formular","status":"publish","type":"page","link":"https:\/\/www.autoskola-thomas.sk\/?page_id=52","title":{"rendered":"Kontaktn\u00fd formul\u00e1r"},"content":{"rendered":"\n<p>Nap\u00ed\u0161te n\u00e1m:<\/p>\n\n\n<div class=\"wpforms-container wpforms-container-full\" id=\"wpforms-63\"><form id=\"wpforms-form-63\" class=\"wpforms-validate wpforms-form wpforms-ajax-form\" data-formid=\"63\" method=\"post\" enctype=\"multipart\/form-data\" action=\"\/index.php?rest_route=%2Fwp%2Fv2%2Fpages%2F52\" data-token=\"8477d0f60b88505ca9df0a0a6f6d1549\"><div class=\"wpforms-head-container\"><div class=\"wpforms-title\">Kontaktn\u00fd formul\u00e1r<\/div><\/div><noscript class=\"wpforms-error-noscript\">Please enable JavaScript in your browser to complete this form.<\/noscript><div class=\"wpforms-field-container\"><div id=\"wpforms-63-field_0-container\" class=\"wpforms-field wpforms-field-name\" data-field-id=\"0\"><label class=\"wpforms-field-label\" for=\"wpforms-63-field_0\">Meno a Priezvisko <span class=\"wpforms-required-label\">*<\/span><\/label><div class=\"wpforms-field-row wpforms-field-medium\"><div class=\"wpforms-field-row-block wpforms-first wpforms-one-half\"><input type=\"text\" id=\"wpforms-63-field_0\" class=\"wpforms-field-name-first wpforms-field-required\" name=\"wpforms[fields][0][first]\" required><label for=\"wpforms-63-field_0\" class=\"wpforms-field-sublabel after \">First<\/label><\/div><div class=\"wpforms-field-row-block wpforms-one-half\"><input type=\"text\" id=\"wpforms-63-field_0-last\" class=\"wpforms-field-name-last wpforms-field-required\" name=\"wpforms[fields][0][last]\" required><label for=\"wpforms-63-field_0-last\" class=\"wpforms-field-sublabel after \">Last<\/label><\/div><\/div><\/div><div id=\"wpforms-63-field_1-container\" class=\"wpforms-field wpforms-field-email\" data-field-id=\"1\"><label class=\"wpforms-field-label\" for=\"wpforms-63-field_1\">Email <span class=\"wpforms-required-label\">*<\/span><\/label><input type=\"email\" id=\"wpforms-63-field_1\" class=\"wpforms-field-medium wpforms-field-required\" name=\"wpforms[fields][1]\" required><\/div><div id=\"wpforms-63-field_2-container\" class=\"wpforms-field wpforms-field-textarea\" data-field-id=\"2\"><label class=\"wpforms-field-label\" for=\"wpforms-63-field_2\">Koment\u00e1r<\/label><textarea id=\"wpforms-63-field_2\" class=\"wpforms-field-medium\" name=\"wpforms[fields][2]\" ><\/textarea><\/div><\/div><div class=\"wpforms-submit-container\"><input type=\"hidden\" name=\"wpforms[id]\" value=\"63\"><input type=\"hidden\" name=\"wpforms[author]\" value=\"1\"><button type=\"submit\" name=\"wpforms[submit]\" id=\"wpforms-submit-63\" class=\"wpforms-submit\" data-alt-text=\"Sending...\" data-submit-text=\"Submit\" aria-live=\"assertive\" value=\"wpforms-submit\">Submit<\/button><img loading=\"lazy\" decoding=\"async\" src=\"https:\/\/www.autoskola-thomas.sk\/wp-content\/plugins\/wpforms-lite\/assets\/images\/submit-spin.svg\" class=\"wpforms-submit-spinner\" style=\"display: none;\" width=\"26\" height=\"26\" alt=\"Loading\"><\/div><\/form><\/div>  <!-- .wpforms-container -->","protected":false},"excerpt":{"rendered":"<p>Nap\u00ed\u0161te n\u00e1m:<\/p>\n","protected":false},"author":1,"featured_media":0,"parent":0,"menu_order":0,"comment_status":"closed","ping_status":"closed","template":"","meta":{"_mi_skip_tracking":false,"footnotes":""},"yoast_head":"<!-- This site is optimized with the Yoast SEO plugin v19.10 - https:\/\/yoast.com\/wordpress\/plugins\/seo\/ -->\n<title>Kontaktn\u00fd formul\u00e1r - Auto\u0161kola Thomas<\/title>\n<meta name=\"robots\" content=\"index, follow, max-snippet:-1, max-image-preview:large, max-video-preview:-1\" \/>\n<link rel=\"canonical\" href=\"https:\/\/www.autoskola-thomas.sk\/?page_id=52\" \/>\n<meta property=\"og:locale\" content=\"sk_SK\" \/>\n<meta property=\"og:type\" content=\"article\" \/>\n<meta property=\"og:title\" content=\"Kontaktn\u00fd formul\u00e1r - Auto\u0161kola Thomas\" \/>\n<meta property=\"og:description\" content=\"Nap\u00ed\u0161te n\u00e1m:\" \/>\n<meta property=\"og:url\" content=\"https:\/\/www.autoskola-thomas.sk\/?page_id=52\" \/>\n<meta property=\"og:site_name\" content=\"Auto\u0161kola Thomas\" \/>\n<meta property=\"article:modified_time\" content=\"2022-11-23T18:07:19+00:00\" \/>\n<meta name=\"twitter:card\" content=\"summary_large_image\" \/>\n<meta name=\"twitter:label1\" content=\"Predpokladan\u00fd \u010das \u010d\u00edtania\" \/>\n\t<meta name=\"twitter:data1\" content=\"1 min\u00fata\" \/>\n<script type=\"application\/ld+json\" class=\"yoast-schema-graph\">{\"@context\":\"https:\/\/schema.org\",\"@graph\":[{\"@type\":\"WebPage\",\"@id\":\"https:\/\/www.autoskola-thomas.sk\/?page_id=52\",\"url\":\"https:\/\/www.autoskola-thomas.sk\/?page_id=52\",\"name\":\"Kontaktn\u00fd formul\u00e1r - Auto\u0161kola Thomas\",\"isPartOf\":{\"@id\":\"https:\/\/www.autoskola-thomas.sk\/#website\"},\"datePublished\":\"2022-11-23T17:09:25+00:00\",\"dateModified\":\"2022-11-23T18:07:19+00:00\",\"breadcrumb\":{\"@id\":\"https:\/\/www.autoskola-thomas.sk\/?page_id=52#breadcrumb\"},\"inLanguage\":\"sk-SK\",\"potentialAction\":[{\"@type\":\"ReadAction\",\"target\":[\"https:\/\/www.autoskola-thomas.sk\/?page_id=52\"]}]},{\"@type\":\"BreadcrumbList\",\"@id\":\"https:\/\/www.autoskola-thomas.sk\/?page_id=52#breadcrumb\",\"itemListElement\":[{\"@type\":\"ListItem\",\"position\":1,\"name\":\"Home\",\"item\":\"https:\/\/www.autoskola-thomas.sk\/\"},{\"@type\":\"ListItem\",\"position\":2,\"name\":\"Kontaktn\u00fd formul\u00e1r\"}]},{\"@type\":\"WebSite\",\"@id\":\"https:\/\/www.autoskola-thomas.sk\/#website\",\"url\":\"https:\/\/www.autoskola-thomas.sk\/\",\"name\":\"Auto\u0161kola Thomas\",\"description\":\"\",\"potentialAction\":[{\"@type\":\"SearchAction\",\"target\":{\"@type\":\"EntryPoint\",\"urlTemplate\":\"https:\/\/www.autoskola-thomas.sk\/?s={search_term_string}\"},\"query-input\":\"required name=search_term_string\"}],\"inLanguage\":\"sk-SK\"}]}<\/script>\n<!-- \/ Yoast SEO plugin. -->","yoast_head_json":{"title":"Kontaktn\u00fd formul\u00e1r - Auto\u0161kola Thomas","robots":{"index":"index","follow":"follow","max-snippet":"max-snippet:-1","max-image-preview":"max-image-preview:large","max-video-preview":"max-video-preview:-1"},"canonical":"https:\/\/www.autoskola-thomas.sk\/?page_id=52","og_locale":"sk_SK","og_type":"article","og_title":"Kontaktn\u00fd formul\u00e1r - Auto\u0161kola Thomas","og_description":"Nap\u00ed\u0161te n\u00e1m:","og_url":"https:\/\/www.autoskola-thomas.sk\/?page_id=52","og_site_name":"Auto\u0161kola Thomas","article_modified_time":"2022-11-23T18:07:19+00:00","twitter_card":"summary_large_image","twitter_misc":{"Predpokladan\u00fd \u010das \u010d\u00edtania":"1 min\u00fata"},"schema":{"@context":"https:\/\/schema.org","@graph":[{"@type":"WebPage","@id":"https:\/\/www.autoskola-thomas.sk\/?page_id=52","url":"https:\/\/www.autoskola-thomas.sk\/?page_id=52","name":"Kontaktn\u00fd formul\u00e1r - Auto\u0161kola Thomas","isPartOf":{"@id":"https:\/\/www.autoskola-thomas.sk\/#website"},"datePublished":"2022-11-23T17:09:25+00:00","dateModified":"2022-11-23T18:07:19+00:00","breadcrumb":{"@id":"https:\/\/www.autoskola-thomas.sk\/?page_id=52#breadcrumb"},"inLanguage":"sk-SK","potentialAction":[{"@type":"ReadAction","target":["https:\/\/www.autoskola-thomas.sk\/?page_id=52"]}]},{"@type":"BreadcrumbList","@id":"https:\/\/www.autoskola-thomas.sk\/?page_id=52#breadcrumb","itemListElement":[{"@type":"ListItem","position":1,"name":"Home","item":"https:\/\/www.autoskola-thomas.sk\/"},{"@type":"ListItem","position":2,"name":"Kontaktn\u00fd formul\u00e1r"}]},{"@type":"WebSite","@id":"https:\/\/www.autoskola-thomas.sk\/#website","url":"https:\/\/www.autoskola-thomas.sk\/","name":"Auto\u0161kola Thomas","description":"","potentialAction":[{"@type":"SearchAction","target":{"@type":"EntryPoint","urlTemplate":"https:\/\/www.autoskola-thomas.sk\/?s={search_term_string}"},"query-input":"required name=search_term_string"}],"inLanguage":"sk-SK"}]}},"_links":{"self":[{"href":"https:\/\/www.autoskola-thomas.sk\/index.php?rest_route=\/wp\/v2\/pages\/52"}],"collection":[{"href":"https:\/\/www.autoskola-thomas.sk\/index.php?rest_route=\/wp\/v2\/pages"}],"about":[{"href":"https:\/\/www.autoskola-thomas.sk\/index.php?rest_route=\/wp\/v2\/types\/page"}],"author":[{"embeddable":true,"href":"https:\/\/www.autoskola-thomas.sk\/index.php?rest_route=\/wp\/v2\/users\/1"}],"replies":[{"embeddable":true,"href":"https:\/\/www.autoskola-thomas.sk\/index.php?rest_route=%2Fwp%2Fv2%2Fcomments&post=52"}],"version-history":[{"count":5,"href":"https:\/\/www.autoskola-thomas.sk\/index.php?rest_route=\/wp\/v2\/pages\/52\/revisions"}],"predecessor-version":[{"id":70,"href":"https:\/\/www.autoskola-thomas.sk\/index.php?rest_route=\/wp\/v2\/pages\/52\/revisions\/70"}],"wp:attachment":[{"href":"https:\/\/www.autoskola-thomas.sk\/index.php?rest_route=%2Fwp%2Fv2%2Fmedia&parent=52"}],"curies":[{"name":"wp","href":"https:\/\/api.w.org\/{rel}","templated":true}]}}